{"id":30,"date":"2019-07-26T21:27:23","date_gmt":"2019-07-26T21:27:23","guid":{"rendered":"https:\/\/jmv.com.br\/assinatura\/?page_id=30"},"modified":"2019-07-31T18:52:26","modified_gmt":"2019-07-31T18:52:26","slug":"assinatura_pq","status":"publish","type":"page","link":"https:\/\/jmv.com.br\/assinatura\/assinatura_pq\/","title":{"rendered":"assinatura_pq"},"content":{"rendered":"\t\t<div data-elementor-type=\"wp-post\" data-elementor-id=\"30\" class=\"elementor elementor-30\">\n\t\t\t\t\t\t<div class=\"elementor-inner\">\n\t\t\t\t<div class=\"elementor-section-wrap\">\n\t\t\t\t\t\t\t\t\t<section class=\"has_eae_slider elementor-section elementor-top-section elementor-element elementor-element-7211cdb elementor-section-full_width elementor-section-height-min-height elementor-section-items-stretch elementor-section-content-top elementor-section-height-default\" data-id=\"7211cdb\" data-element_type=\"section\">\n\t\t\t\t\t\t<div class=\"elementor-container elementor-column-gap-default\">\n\t\t\t\t\t\t\t<div class=\"elementor-row\">\n\t\t\t\t\t<div class=\"has_eae_slider elementor-column elementor-col-100 elementor-top-column elementor-element elementor-element-36371fe\" data-id=\"36371fe\" data-element_type=\"column\">\n\t\t\t<div class=\"elementor-column-wrap elementor-element-populated\">\n\t\t\t\t\t\t\t<div class=\"elementor-widget-wrap\">\n\t\t\t\t\t\t<div class=\"elementor-element elementor-element-e8298d5 elementor-widget elementor-widget-shortcode\" data-id=\"e8298d5\" data-element_type=\"widget\" data-widget_type=\"shortcode.default\">\n\t\t\t\t<div class=\"elementor-widget-container\">\n\t\t\t\t\t<div class=\"elementor-shortcode\"><div class=\"wpforms-container wpforms-container-full\" id=\"wpforms-65\"><form id=\"wpforms-form-65\" class=\"wpforms-validate wpforms-form\" data-formid=\"65\" method=\"post\" enctype=\"multipart\/form-data\" action=\"\/assinatura\/wp-json\/wp\/v2\/pages\/30\" data-token=\"608c2fa450802f16293a948ea94fc6f9\"><div class=\"wpforms-head-container\"><div class=\"wpforms-title\">Assinatura da Petro &amp; Qu\u00edmica (04 edi\u00e7\u00f5es - 01 ano)<\/div><\/div><noscript class=\"wpforms-error-noscript\">Ative o JavaScript no seu navegador para preencher este formul\u00e1rio.<\/noscript><div class=\"wpforms-field-container\"><div id=\"wpforms-65-field_10-container\" class=\"wpforms-field wpforms-field-checkbox\" data-field-id=\"10\"><label class=\"wpforms-field-label\" for=\"wpforms-65-field_10\">Nova Assinatura Anual (1 ano) \u2013 Petro &amp; Qu\u00edmica (04 edi\u00e7\u00f5es\/ano)<\/label><ul id=\"wpforms-65-field_10\"><li class=\"choice-1 depth-1\"><input type=\"checkbox\" id=\"wpforms-65-field_10_1\" name=\"wpforms[fields][10][]\" value=\"Nacional \u2013 R$ 129,00\"  ><label class=\"wpforms-field-label-inline\" for=\"wpforms-65-field_10_1\">Nacional \u2013 R$ 129,00<\/label><\/li><li class=\"choice-2 depth-1\"><input type=\"checkbox\" id=\"wpforms-65-field_10_2\" name=\"wpforms[fields][10][]\" value=\"Envio Internacional \u2013 US$ 350,00\"  ><label class=\"wpforms-field-label-inline\" for=\"wpforms-65-field_10_2\">Envio Internacional \u2013 US$ 350,00<\/label><\/li><\/ul><\/div><div id=\"wpforms-65-field_0-container\" class=\"wpforms-field wpforms-field-name\" data-field-id=\"0\"><label class=\"wpforms-field-label\" for=\"wpforms-65-field_0\">Assinatura com boleto banc\u00e1rio. Para pagar a(s) assinatura(s) escolhida(s), solicitamos emiss\u00e3o de boleto,  conforme dados abaixo: <span class=\"wpforms-required-label\">*<\/span><\/label><input type=\"text\" id=\"wpforms-65-field_0\" class=\"wpforms-field-medium wpforms-field-required\" name=\"wpforms[fields][0]\" required><div class=\"wpforms-field-description\">Raz\u00e3o Social\/Nome completo:\r\n<\/div><\/div><div id=\"wpforms-65-field_18-container\" class=\"wpforms-field wpforms-field-number\" data-field-id=\"18\"><label class=\"wpforms-field-label wpforms-label-hide\" for=\"wpforms-65-field_18\">CNPJ\/CPF: <span class=\"wpforms-required-label\">*<\/span><\/label><input type=\"number\" pattern=\"\\d*\" id=\"wpforms-65-field_18\" class=\"wpforms-field-medium wpforms-field-required\" name=\"wpforms[fields][18]\" required><div class=\"wpforms-field-description\">CNPJ\/CPF:<\/div><\/div><div id=\"wpforms-65-field_37-container\" class=\"wpforms-field wpforms-field-number\" data-field-id=\"37\"><label class=\"wpforms-field-label wpforms-label-hide\" for=\"wpforms-65-field_37\">Inscri\u00e7\u00e3o Estadual \/ CPF:\t <span class=\"wpforms-required-label\">*<\/span><\/label><input type=\"number\" pattern=\"\\d*\" id=\"wpforms-65-field_37\" class=\"wpforms-field-medium wpforms-field-required\" name=\"wpforms[fields][37]\" required><div class=\"wpforms-field-description\">Inscri\u00e7\u00e3o Estadual \/ CPF:\t<\/div><\/div><div id=\"wpforms-65-field_1-container\" class=\"wpforms-field wpforms-field-email\" data-field-id=\"1\"><label class=\"wpforms-field-label wpforms-label-hide\" for=\"wpforms-65-field_1\">E-mail para envio do boleto: <span class=\"wpforms-required-label\">*<\/span><\/label><input type=\"email\" id=\"wpforms-65-field_1\" class=\"wpforms-field-medium wpforms-field-required\" name=\"wpforms[fields][1]\" required><div class=\"wpforms-field-description\">E-mail para envio do boleto:<\/div><\/div><div id=\"wpforms-65-field_26-container\" class=\"wpforms-field wpforms-field-text\" data-field-id=\"26\"><label class=\"wpforms-field-label\" for=\"wpforms-65-field_26\">Endere\u00e7o para remessa dos exemplares <span class=\"wpforms-required-label\">*<\/span><\/label><input type=\"text\" id=\"wpforms-65-field_26\" class=\"wpforms-field-medium wpforms-field-required\" name=\"wpforms[fields][26]\" required><div class=\"wpforms-field-description\">Nome<\/div><\/div><div id=\"wpforms-65-field_35-container\" class=\"wpforms-field wpforms-field-email\" data-field-id=\"35\"><label class=\"wpforms-field-label wpforms-label-hide\" for=\"wpforms-65-field_35\">E-mail <span class=\"wpforms-required-label\">*<\/span><\/label><input type=\"email\" id=\"wpforms-65-field_35\" class=\"wpforms-field-medium wpforms-field-required\" name=\"wpforms[fields][35]\" required><div class=\"wpforms-field-description\">E-mail<\/div><\/div><div id=\"wpforms-65-field_33-container\" class=\"wpforms-field wpforms-field-number\" data-field-id=\"33\"><label class=\"wpforms-field-label wpforms-label-hide\" for=\"wpforms-65-field_33\">Telefone <span class=\"wpforms-required-label\">*<\/span><\/label><input type=\"number\" pattern=\"\\d*\" id=\"wpforms-65-field_33\" class=\"wpforms-field-medium wpforms-field-required\" name=\"wpforms[fields][33]\" required><div class=\"wpforms-field-description\">Telefone<\/div><\/div><div id=\"wpforms-65-field_34-container\" class=\"wpforms-field wpforms-field-number\" data-field-id=\"34\"><label class=\"wpforms-field-label wpforms-label-hide\" for=\"wpforms-65-field_34\">Fax<\/label><input type=\"number\" pattern=\"\\d*\" id=\"wpforms-65-field_34\" class=\"wpforms-field-medium\" name=\"wpforms[fields][34]\" ><div class=\"wpforms-field-description\">Fax<\/div><\/div><div id=\"wpforms-65-field_27-container\" class=\"wpforms-field wpforms-field-text\" data-field-id=\"27\"><label class=\"wpforms-field-label wpforms-label-hide\" for=\"wpforms-65-field_27\">Empresa <span class=\"wpforms-required-label\">*<\/span><\/label><input type=\"text\" id=\"wpforms-65-field_27\" class=\"wpforms-field-medium wpforms-field-required\" name=\"wpforms[fields][27]\" required><div class=\"wpforms-field-description\">Empresa<\/div><\/div><div id=\"wpforms-65-field_28-container\" class=\"wpforms-field wpforms-field-text\" data-field-id=\"28\"><label class=\"wpforms-field-label wpforms-label-hide\" for=\"wpforms-65-field_28\">Endere\u00e7o <span class=\"wpforms-required-label\">*<\/span><\/label><input type=\"text\" id=\"wpforms-65-field_28\" class=\"wpforms-field-medium wpforms-field-required\" name=\"wpforms[fields][28]\" required><div class=\"wpforms-field-description\">Endere\u00e7o<\/div><\/div><div id=\"wpforms-65-field_38-container\" class=\"wpforms-field wpforms-field-text\" data-field-id=\"38\"><label class=\"wpforms-field-label wpforms-label-hide\" for=\"wpforms-65-field_38\">Complemento:<\/label><input type=\"text\" id=\"wpforms-65-field_38\" class=\"wpforms-field-medium\" name=\"wpforms[fields][38]\" ><div class=\"wpforms-field-description\">Complemento:\t<\/div><\/div><div id=\"wpforms-65-field_29-container\" class=\"wpforms-field wpforms-field-text\" data-field-id=\"29\"><label class=\"wpforms-field-label wpforms-label-hide\" for=\"wpforms-65-field_29\">Bairro <span class=\"wpforms-required-label\">*<\/span><\/label><input type=\"text\" id=\"wpforms-65-field_29\" class=\"wpforms-field-medium wpforms-field-required\" name=\"wpforms[fields][29]\" required><div class=\"wpforms-field-description\">Bairro<\/div><\/div><div id=\"wpforms-65-field_30-container\" class=\"wpforms-field wpforms-field-text\" data-field-id=\"30\"><label class=\"wpforms-field-label wpforms-label-hide\" for=\"wpforms-65-field_30\">Cidade <span class=\"wpforms-required-label\">*<\/span><\/label><input type=\"text\" id=\"wpforms-65-field_30\" class=\"wpforms-field-medium wpforms-field-required\" name=\"wpforms[fields][30]\" required><div class=\"wpforms-field-description\">Cidade<\/div><\/div><div id=\"wpforms-65-field_31-container\" class=\"wpforms-field wpforms-field-text\" data-field-id=\"31\"><label class=\"wpforms-field-label wpforms-label-hide\" for=\"wpforms-65-field_31\">Estado <span class=\"wpforms-required-label\">*<\/span><\/label><input type=\"text\" id=\"wpforms-65-field_31\" class=\"wpforms-field-medium wpforms-field-required\" name=\"wpforms[fields][31]\" required><div class=\"wpforms-field-description\">Estado<\/div><\/div><div id=\"wpforms-65-field_32-container\" class=\"wpforms-field wpforms-field-text\" data-field-id=\"32\"><label class=\"wpforms-field-label wpforms-label-hide\" for=\"wpforms-65-field_32\">CEP <span class=\"wpforms-required-label\">*<\/span><\/label><input type=\"text\" id=\"wpforms-65-field_32\" class=\"wpforms-field-medium wpforms-field-required\" name=\"wpforms[fields][32]\" required><div class=\"wpforms-field-description\">CEP<\/div><\/div><div id=\"wpforms-65-field_36-container\" class=\"wpforms-field wpforms-field-text\" data-field-id=\"36\"><label class=\"wpforms-field-label wpforms-label-hide\" for=\"wpforms-65-field_36\">Atividade profissional <span class=\"wpforms-required-label\">*<\/span><\/label><input type=\"text\" id=\"wpforms-65-field_36\" class=\"wpforms-field-medium wpforms-field-required\" name=\"wpforms[fields][36]\" required><div class=\"wpforms-field-description\">Atividade profissional<\/div><\/div><div id=\"wpforms-65-field_39-container\" class=\"wpforms-field wpforms-field-textarea\" data-field-id=\"39\"><label class=\"wpforms-field-label\" for=\"wpforms-65-field_39\">Observa\u00e7\u00e3o:<\/label><textarea id=\"wpforms-65-field_39\" class=\"wpforms-field-medium\" name=\"wpforms[fields][39]\" ><\/textarea><\/div><\/div><div class=\"wpforms-field wpforms-field-hp\"><label for=\"wpforms-65-field-hp\" class=\"wpforms-field-label\">Name<\/label><input type=\"text\" name=\"wpforms[hp]\" id=\"wpforms-65-field-hp\" class=\"wpforms-field-medium\"><\/div><div class=\"wpforms-submit-container\"><input type=\"hidden\" name=\"wpforms[id]\" value=\"65\"><input type=\"hidden\" name=\"wpforms[author]\" value=\"1\"><button type=\"submit\" name=\"wpforms[submit]\" id=\"wpforms-submit-65\" class=\"wpforms-submit\" data-alt-text=\"Enviando...\" data-submit-text=\"Enviar\" aria-live=\"assertive\" value=\"wpforms-submit\">Enviar<\/button><\/div><\/form><\/div>  <!-- .wpforms-container --><\/div>\n\t\t\t\t<\/div>\n\t\t\t\t<\/div>\n\t\t\t\t\t\t<\/div>\n\t\t\t\t\t<\/div>\n\t\t<\/div>\n\t\t\t\t\t\t\t\t<\/div>\n\t\t\t\t\t<\/div>\n\t\t<\/section>\n\t\t\t\t\t\t\t\t\t<\/div>\n\t\t\t<\/div>\n\t\t\t\t\t<\/div>\n\t\t","protected":false},"excerpt":{"rendered":"","protected":false},"author":1,"featured_media":0,"parent":0,"menu_order":0,"comment_status":"closed","ping_status":"closed","template":"elementor_canvas","meta":[],"_links":{"self":[{"href":"https:\/\/jmv.com.br\/assinatura\/wp-json\/wp\/v2\/pages\/30"}],"collection":[{"href":"https:\/\/jmv.com.br\/assinatura\/wp-json\/wp\/v2\/pages"}],"about":[{"href":"https:\/\/jmv.com.br\/assinatura\/wp-json\/wp\/v2\/types\/page"}],"author":[{"embeddable":true,"href":"https:\/\/jmv.com.br\/assinatura\/wp-json\/wp\/v2\/users\/1"}],"replies":[{"embeddable":true,"href":"https:\/\/jmv.com.br\/assinatura\/wp-json\/wp\/v2\/comments?post=30"}],"version-history":[{"count":5,"href":"https:\/\/jmv.com.br\/assinatura\/wp-json\/wp\/v2\/pages\/30\/revisions"}],"predecessor-version":[{"id":66,"href":"https:\/\/jmv.com.br\/assinatura\/wp-json\/wp\/v2\/pages\/30\/revisions\/66"}],"wp:attachment":[{"href":"https:\/\/jmv.com.br\/assinatura\/wp-json\/wp\/v2\/media?parent=30"}],"curies":[{"name":"wp","href":"https:\/\/api.w.org\/{rel}","templated":true}]}}